{"id":9665,"date":"2024-10-31T16:57:09","date_gmt":"2024-10-31T16:57:09","guid":{"rendered":"https:\/\/mimilandtiendafriki.com.ar\/?post_type=product&#038;p=9665"},"modified":"2026-01-23T17:34:24","modified_gmt":"2026-01-23T17:34:24","slug":"remera-homero","status":"publish","type":"product","link":"https:\/\/mimilandtiendafriki.com.ar\/?product=remera-homero","title":{"rendered":"REMERA HOMERO"},"content":{"rendered":"<p>REMERA HOMERO<\/p>\n<p>EXCELENTE CALIDAD<\/p>\n<p>&nbsp;<\/p>\n<p>IMPORTANTE!<\/p>\n<p>ENVIO X CORREO ARGENTINO<\/p>\n<p>El tiempo en preparaci\u00f3n y despacho es de 3 a 7 d\u00edas h\u00e1biles. Tenga en cuenta que en la fecha estimada de entrega, no est\u00e1 contemplada nuestra demora.<\/p>\n<p>&nbsp;<\/p>\n<p>ENVIO RAPIDO<\/p>\n<p>COMUNIQUESE\u00a0 AL WHATSAPP Y COORDINAMOS<\/p>\n<p>&nbsp;<\/p>\n<p>RETIRO X SUCURSAL<\/p>\n<p>Y para retiro por nuestro local,\u00a0 debe comunicarse antes\u00a0 por WhatsApp para coordinar\u00a0 &#8230;.<\/p>\n<p>gracias por su compra!!!<\/p>\n<p>MIMI LAND<\/p>\n<p>&nbsp;<\/p>\n","protected":false},"excerpt":{"rendered":"<p>REMERA HOMERO EXCELENTE CALIDAD &nbsp; IMPORTANTE! ENVIO X CORREO ARGENTINO El tiempo en preparaci\u00f3n y despacho es de 3 a 7 d\u00edas h\u00e1biles. Tenga en cuenta que en la fecha estimada de entrega, no est\u00e1 contemplada nuestra demora. &nbsp; ENVIO&#8230; <a class=\"di-continue-reading\" href=\"https:\/\/mimilandtiendafriki.com.ar\/?product=remera-homero\"> Continue Reading&#8230;<\/a><\/p>\n","protected":false},"featured_media":9608,"comment_status":"open","ping_status":"closed","template":"","meta":[],"product_cat":[79,136],"product_tag":[32],"_links":{"self":[{"href":"https:\/\/mimilandtiendafriki.com.ar\/index.php?rest_route=\/wp\/v2\/product\/9665"}],"collection":[{"href":"https:\/\/mimilandtiendafriki.com.ar\/index.php?rest_route=\/wp\/v2\/product"}],"about":[{"href":"https:\/\/mimilandtiendafriki.com.ar\/index.php?rest_route=\/wp\/v2\/types\/product"}],"replies":[{"embeddable":true,"href":"https:\/\/mimilandtiendafriki.com.ar\/index.php?rest_route=%2Fwp%2Fv2%2Fcomments&post=9665"}],"version-history":[{"count":5,"href":"https:\/\/mimilandtiendafriki.com.ar\/index.php?rest_route=\/wp\/v2\/product\/9665\/revisions"}],"predecessor-version":[{"id":10280,"href":"https:\/\/mimilandtiendafriki.com.ar\/index.php?rest_route=\/wp\/v2\/product\/9665\/revisions\/10280"}],"wp:featuredmedia":[{"embeddable":true,"href":"https:\/\/mimilandtiendafriki.com.ar\/index.php?rest_route=\/wp\/v2\/media\/9608"}],"wp:attachment":[{"href":"https:\/\/mimilandtiendafriki.com.ar\/index.php?rest_route=%2Fwp%2Fv2%2Fmedia&parent=9665"}],"wp:term":[{"taxonomy":"product_cat","embeddable":true,"href":"https:\/\/mimilandtiendafriki.com.ar\/index.php?rest_route=%2Fwp%2Fv2%2Fproduct_cat&post=9665"},{"taxonomy":"product_tag","embeddable":true,"href":"https:\/\/mimilandtiendafriki.com.ar\/index.php?rest_route=%2Fwp%2Fv2%2Fproduct_tag&post=9665"}],"curies":[{"name":"wp","href":"https:\/\/api.w.org\/{rel}","templated":true}]}}