{"id":9563,"date":"2024-10-28T20:22:43","date_gmt":"2024-10-28T20:22:43","guid":{"rendered":"https:\/\/mimilandtiendafriki.com.ar\/?post_type=product&#038;p=9563"},"modified":"2026-01-23T18:06:27","modified_gmt":"2026-01-23T18:06:27","slug":"otto-the-simpsons","status":"publish","type":"product","link":"https:\/\/mimilandtiendafriki.com.ar\/?product=otto-the-simpsons","title":{"rendered":"OTTO THE SIMPSONS"},"content":{"rendered":"<p>OTTO<\/p>\n<p>CON ACCESORIOS<\/p>\n<p>MU\u00d1ECO ARTICULADO<\/p>\n<p>13 CM<\/p>\n<p>&nbsp;<\/p>\n<p>&nbsp;<\/p>\n<p>IMPORTANTE!<\/p>\n<p>ENVIO X CORREO ARGENTINO<\/p>\n<p>El tiempo en preparaci\u00f3n y despacho es de 3 a 7 d\u00edas h\u00e1biles. Tenga en cuenta que en la fecha estimada de entrega, no est\u00e1 contemplada nuestra demora.<\/p>\n<p>&nbsp;<\/p>\n<p>ENVIO RAPIDO<\/p>\n<p>COMUNIQUESE\u00a0 AL WHATSAPP Y COORDINAMOS<\/p>\n<p>&nbsp;<\/p>\n<p>RETIRO X SUCURSAL<\/p>\n<p>Y para retiro por nuestro local,\u00a0 debe comunicarse antes\u00a0 por WhatsApp para coordinar\u00a0 &#8230;.<\/p>\n<p>gracias por su compra!!!<\/p>\n<p>MIMI LAND<\/p>\n","protected":false},"excerpt":{"rendered":"<p>OTTO CON ACCESORIOS MU\u00d1ECO ARTICULADO 13 CM &nbsp; &nbsp; IMPORTANTE! ENVIO X CORREO ARGENTINO El tiempo en preparaci\u00f3n y despacho es de 3 a 7 d\u00edas h\u00e1biles. Tenga en cuenta que en la fecha estimada de entrega, no est\u00e1 contemplada&#8230; <a class=\"di-continue-reading\" href=\"https:\/\/mimilandtiendafriki.com.ar\/?product=otto-the-simpsons\"> Continue Reading&#8230;<\/a><\/p>\n","protected":false},"featured_media":9537,"comment_status":"open","ping_status":"closed","template":"","meta":[],"product_cat":[281],"product_tag":[32],"_links":{"self":[{"href":"https:\/\/mimilandtiendafriki.com.ar\/index.php?rest_route=\/wp\/v2\/product\/9563"}],"collection":[{"href":"https:\/\/mimilandtiendafriki.com.ar\/index.php?rest_route=\/wp\/v2\/product"}],"about":[{"href":"https:\/\/mimilandtiendafriki.com.ar\/index.php?rest_route=\/wp\/v2\/types\/product"}],"replies":[{"embeddable":true,"href":"https:\/\/mimilandtiendafriki.com.ar\/index.php?rest_route=%2Fwp%2Fv2%2Fcomments&post=9563"}],"version-history":[{"count":4,"href":"https:\/\/mimilandtiendafriki.com.ar\/index.php?rest_route=\/wp\/v2\/product\/9563\/revisions"}],"predecessor-version":[{"id":10536,"href":"https:\/\/mimilandtiendafriki.com.ar\/index.php?rest_route=\/wp\/v2\/product\/9563\/revisions\/10536"}],"wp:featuredmedia":[{"embeddable":true,"href":"https:\/\/mimilandtiendafriki.com.ar\/index.php?rest_route=\/wp\/v2\/media\/9537"}],"wp:attachment":[{"href":"https:\/\/mimilandtiendafriki.com.ar\/index.php?rest_route=%2Fwp%2Fv2%2Fmedia&parent=9563"}],"wp:term":[{"taxonomy":"product_cat","embeddable":true,"href":"https:\/\/mimilandtiendafriki.com.ar\/index.php?rest_route=%2Fwp%2Fv2%2Fproduct_cat&post=9563"},{"taxonomy":"product_tag","embeddable":true,"href":"https:\/\/mimilandtiendafriki.com.ar\/index.php?rest_route=%2Fwp%2Fv2%2Fproduct_tag&post=9563"}],"curies":[{"name":"wp","href":"https:\/\/api.w.org\/{rel}","templated":true}]}}