{"id":9402,"date":"2024-10-10T19:39:36","date_gmt":"2024-10-10T19:39:36","guid":{"rendered":"https:\/\/mimilandtiendafriki.com.ar\/?post_type=product&#038;p=9402"},"modified":"2025-04-01T15:22:38","modified_gmt":"2025-04-01T15:22:38","slug":"retro-game-box-sup","status":"publish","type":"product","link":"https:\/\/mimilandtiendafriki.com.ar\/?product=retro-game-box-sup","title":{"rendered":"RETRO GAME BOX SUP"},"content":{"rendered":"<p>&nbsp;<\/p>\n<h1><i>GAMEBOX RETRO 900 JUEGOS<\/i><\/h1>\n<p>perfecto para los amantes de los videojuegos, una nueva consola port\u00e1til disfruta de horas de diversi\u00f3n con los mejores juegos y al alcance de tu mano con la Mini Sup M3 Consola Retro port\u00e1til\u00a0 con m\u00e1s de 900 juegos cl\u00e1sicos y m\u00e1s!<\/p>\n<p>Esta consola tiene 16 bits de nostalgia en alta definici\u00f3n, Su dise\u00f1o \u00fanico te da una experiencia completa para disfrutar de diferentes t\u00edtulos y revivir la experiencia de jugar esos juegos cl\u00e1sicos. Tambi\u00e9n puedes conectarla f\u00e1cil a tu pantalla con entrada de RCA y jugar en minutos , es un producto ideal para los jugadores amantes de lo retro!<\/p>\n<p>Descripci\u00f3n<\/p>\n<p>Pantalla 3.5 HD<\/p>\n<p>Control de volumen<\/p>\n<p>6 Botones de mando<\/p>\n<p>Bot\u00f3n de mando<\/p>\n<p>Joystick<\/p>\n<p>Bocina<\/p>\n<p>encendido y apagado<\/p>\n<p>Entrada para TV y Audio ( cable incluido)<\/p>\n<p>Ranura para Micro SD<\/p>\n<p>Medidas 80 mm x 125mm<\/p>\n<p>Incluye:<\/p>\n<p>Sup M3 Consola Retro<\/p>\n<p>900 juegos precargados<\/p>\n<p>Cable usb para recargar<\/p>\n<p>Cable av para conectar a la pantalla con alta nitidez e incre\u00edble calidad de imagen<\/p>\n<p>Bater\u00eda de litio Recargable de alta duraci\u00f3n<\/p>\n<p>Instructivo<\/p>\n<p>Memoria de 4 GB<\/p>\n<p>Algunos de los 900 juegos incluidos son:<\/p>\n<p>Avance s\u00f3nico<\/p>\n<p>F\u00fatbol de la FIFA<\/p>\n<p>Luchador callejero 3<\/p>\n<p>Contra<\/p>\n<p>S\u00f3nico<\/p>\n<p>de metal<\/p>\n<p>Cazas aeron\u00e1uticos<\/p>\n<p>Destructores de Gost<\/p>\n<p>Spiderman<\/p>\n<p>Regresa Superman<\/p>\n<p>Los 4 fant\u00e1sticos<\/p>\n<p>Guerra de las galaxias<\/p>\n<p>Corredores de Lego<\/p>\n<p>Hombre X<\/p>\n<p>Ordenanza<\/p>\n<p>Sailor Moon<\/p>\n<p>Yu-gi-oh!<\/p>\n<p>Dragon bal z<\/p>\n<p>Dragon bal 3<\/p>\n<p>Super Mario 14<\/p>\n<p>Super Mario 3<\/p>\n<p>Mario Bros<\/p>\n<p>Hamtaro<\/p>\n<p>Destinity of an emperor<\/p>\n<p>Castle Vania 2<\/p>\n<p>Dig dug 2<\/p>\n<p>Michey mania<\/p>\n<p>Donkey Kong 3<\/p>\n<p>Chip &amp; Dale<\/p>\n<p>Spartan X<\/p>\n","protected":false},"excerpt":{"rendered":"<p>&nbsp; GAMEBOX RETRO 900 JUEGOS perfecto para los amantes de los videojuegos, una nueva consola port\u00e1til disfruta de horas de diversi\u00f3n con los mejores juegos y al alcance de tu mano con la Mini Sup M3 Consola Retro port\u00e1til\u00a0 con&#8230; <a class=\"di-continue-reading\" href=\"https:\/\/mimilandtiendafriki.com.ar\/?product=retro-game-box-sup\"> Continue Reading&#8230;<\/a><\/p>\n","protected":false},"featured_media":9407,"comment_status":"open","ping_status":"closed","template":"","meta":[],"product_cat":[280],"product_tag":[],"_links":{"self":[{"href":"https:\/\/mimilandtiendafriki.com.ar\/index.php?rest_route=\/wp\/v2\/product\/9402"}],"collection":[{"href":"https:\/\/mimilandtiendafriki.com.ar\/index.php?rest_route=\/wp\/v2\/product"}],"about":[{"href":"https:\/\/mimilandtiendafriki.com.ar\/index.php?rest_route=\/wp\/v2\/types\/product"}],"replies":[{"embeddable":true,"href":"https:\/\/mimilandtiendafriki.com.ar\/index.php?rest_route=%2Fwp%2Fv2%2Fcomments&post=9402"}],"version-history":[{"count":5,"href":"https:\/\/mimilandtiendafriki.com.ar\/index.php?rest_route=\/wp\/v2\/product\/9402\/revisions"}],"predecessor-version":[{"id":9408,"href":"https:\/\/mimilandtiendafriki.com.ar\/index.php?rest_route=\/wp\/v2\/product\/9402\/revisions\/9408"}],"wp:featuredmedia":[{"embeddable":true,"href":"https:\/\/mimilandtiendafriki.com.ar\/index.php?rest_route=\/wp\/v2\/media\/9407"}],"wp:attachment":[{"href":"https:\/\/mimilandtiendafriki.com.ar\/index.php?rest_route=%2Fwp%2Fv2%2Fmedia&parent=9402"}],"wp:term":[{"taxonomy":"product_cat","embeddable":true,"href":"https:\/\/mimilandtiendafriki.com.ar\/index.php?rest_route=%2Fwp%2Fv2%2Fproduct_cat&post=9402"},{"taxonomy":"product_tag","embeddable":true,"href":"https:\/\/mimilandtiendafriki.com.ar\/index.php?rest_route=%2Fwp%2Fv2%2Fproduct_tag&post=9402"}],"curies":[{"name":"wp","href":"https:\/\/api.w.org\/{rel}","templated":true}]}}