{"id":8613,"date":"2024-04-16T17:27:21","date_gmt":"2024-04-16T17:27:21","guid":{"rendered":"https:\/\/mimilandtiendafriki.com.ar\/?post_type=product&#038;p=8613"},"modified":"2026-01-23T20:44:31","modified_gmt":"2026-01-23T20:44:31","slug":"figura-gremlins-brain","status":"publish","type":"product","link":"https:\/\/mimilandtiendafriki.com.ar\/?product=figura-gremlins-brain","title":{"rendered":"FIGURA GREMLINS BRAIN"},"content":{"rendered":"<p>Abraza la inteligencia ca\u00f3tica con la figura Bendy Figs de 17 cm de Brain de Gremlins. Este cerebro estrafalario esta representado con detalles divertidos y su caracter\u00edstica flexibilidad, que permite recrear poses que reflejan su astucia. Una adici\u00f3n esencial para los amantes de los cl\u00e1sicos y los seguidores de los Gremlins<\/p>\n<p>&nbsp;<\/p>\n<p>&nbsp;<\/p>\n<p>\/\/Los precios de \u00e9ste sitio web son exclusivos para compras online, y no necesariamente coinciden con los precios en el local.\/\/\/<\/p>\n<p>&nbsp;<\/p>\n<p>&nbsp;<\/p>\n<p>IMPORTANTE !!<\/p>\n<p>ENVIO X CORREO<\/p>\n<p>EL PLAZO DE ENTREGA ESTIMADO ES DE 7 A 10 DIAS HABILES\u00a0 A PARTIR DE LA CONFIRMACION DE LA COMPRA , SIN EMBARGO EL ENVIO PUEDE VARIAR DEPENDIENDO DE NUESTRA DEMORA EN EL PRECESAMIENTO Y LA DEMORA DEL CORREO CON EL QUE SE ENVIA.<\/p>\n<p>&nbsp;<\/p>\n<p>&nbsp;<\/p>\n<p>-RETIRO POR SUCURSAL<\/p>\n<p>EL PLAZO ES DE ENTREGA ES DE 3 A 7 DIAS HABILES A PARTIR DE LA CONFIRMACION DE LA COMPRA .<\/p>\n<p>PARA RETIRAR SU COMPRA X\u00a0 SUCURSAL , POR FAVOR\u00a0 COMUNIQUESE PREVIAMENTE CON NUESTRO EQUIPO PARA COORDINAR LA FECHA Y HORA DE RETIRO.<\/p>\n<p>NO SE REALIZARAN ENTREGAS SIN PREVIO AVISO .<\/p>\n<p>&nbsp;<\/p>\n<p>WHATSAPP\u00a0 1164954727<\/p>\n<p>&nbsp;<\/p>\n<p>MUCHAS GRACIAS X SU COMPRA<\/p>\n<p>&nbsp;<\/p>\n","protected":false},"excerpt":{"rendered":"<p>Abraza la inteligencia ca\u00f3tica con la figura Bendy Figs de 17 cm de Brain de Gremlins. Este cerebro estrafalario esta representado con detalles divertidos y su caracter\u00edstica flexibilidad, que permite recrear poses que reflejan su astucia. Una adici\u00f3n esencial para&#8230; <a class=\"di-continue-reading\" href=\"https:\/\/mimilandtiendafriki.com.ar\/?product=figura-gremlins-brain\"> Continue Reading&#8230;<\/a><\/p>\n","protected":false},"featured_media":8615,"comment_status":"open","ping_status":"closed","template":"","meta":[],"product_cat":[172,281],"product_tag":[266],"_links":{"self":[{"href":"https:\/\/mimilandtiendafriki.com.ar\/index.php?rest_route=\/wp\/v2\/product\/8613"}],"collection":[{"href":"https:\/\/mimilandtiendafriki.com.ar\/index.php?rest_route=\/wp\/v2\/product"}],"about":[{"href":"https:\/\/mimilandtiendafriki.com.ar\/index.php?rest_route=\/wp\/v2\/types\/product"}],"replies":[{"embeddable":true,"href":"https:\/\/mimilandtiendafriki.com.ar\/index.php?rest_route=%2Fwp%2Fv2%2Fcomments&post=8613"}],"version-history":[{"count":2,"href":"https:\/\/mimilandtiendafriki.com.ar\/index.php?rest_route=\/wp\/v2\/product\/8613\/revisions"}],"predecessor-version":[{"id":10754,"href":"https:\/\/mimilandtiendafriki.com.ar\/index.php?rest_route=\/wp\/v2\/product\/8613\/revisions\/10754"}],"wp:featuredmedia":[{"embeddable":true,"href":"https:\/\/mimilandtiendafriki.com.ar\/index.php?rest_route=\/wp\/v2\/media\/8615"}],"wp:attachment":[{"href":"https:\/\/mimilandtiendafriki.com.ar\/index.php?rest_route=%2Fwp%2Fv2%2Fmedia&parent=8613"}],"wp:term":[{"taxonomy":"product_cat","embeddable":true,"href":"https:\/\/mimilandtiendafriki.com.ar\/index.php?rest_route=%2Fwp%2Fv2%2Fproduct_cat&post=8613"},{"taxonomy":"product_tag","embeddable":true,"href":"https:\/\/mimilandtiendafriki.com.ar\/index.php?rest_route=%2Fwp%2Fv2%2Fproduct_tag&post=8613"}],"curies":[{"name":"wp","href":"https:\/\/api.w.org\/{rel}","templated":true}]}}