{"id":8588,"date":"2024-04-16T16:19:11","date_gmt":"2024-04-16T16:19:11","guid":{"rendered":"https:\/\/mimilandtiendafriki.com.ar\/?post_type=product&#038;p=8588"},"modified":"2026-01-23T20:46:47","modified_gmt":"2026-01-23T20:46:47","slug":"tortugas-ninja-van-lanza-pizza","status":"publish","type":"product","link":"https:\/\/mimilandtiendafriki.com.ar\/?product=tortugas-ninja-van-lanza-pizza","title":{"rendered":"TORTUGAS NINJA VAN LANZA PIZZA"},"content":{"rendered":"<h2><\/h2>\n<p>CAMIONETA TORTUGAS NINJA<\/p>\n<p>Tortugas Ninja Pizzafire Van Lanzador Pizza Mutante Original<\/p>\n<p>\u00a1Dise\u00f1ado con una funci\u00f3n de lanzamiento de pizza para que puedas hacer una explosi\u00f3n de pizza a tus oponentes!<\/p>\n<p>1. Aprieta el bot\u00f3n en forma de pizza<br \/>\n2. Posiciona el lanzador<br \/>\n3. \u00a1Lanza tus pizzas!<\/p>\n<p>Caracter\u00edsticas: Lanzador de pizza motorizado, agarraderas de combate, activador de lanzador de pizza, entrada por la parte delantera y trasera, llantas con tracci\u00f3n, caben todas las figuras de las Tortugas Ninja (No incluidas)<\/p>\n<p>\u2013 Incluye 8 discos de pizza para lanzar<br \/>\n\u2013 Medidas del Veh\u00edculo: 34cm x 13cm x 16cm<br \/>\n\u2013 Edad recomendada: +4 a\u00f1os<br \/>\n\u2013 Requiere 3 pilas AA (No incluidas)<\/p>\n<p>Las im\u00e1genes son ilustrativas, el producto puede tener variaciones dependiendo del distribuidor\/marca sin afectar las funciones y calidad del mismo.<\/p>\n<p>&nbsp;<\/p>\n<p>&nbsp;<\/p>\n<p>&nbsp;<\/p>\n<p>\/\/Los precios de \u00e9ste sitio web son exclusivos para compras online, y no necesariamente coinciden con los precios en el local.\/\/\/<\/p>\n<p>&nbsp;<\/p>\n<p>&nbsp;<\/p>\n<p>IMPORTANTE !!<\/p>\n<p>ENVIO X CORREO<\/p>\n<p>EL PLAZO DE ENTREGA ESTIMADO ES DE 7 A 10 DIAS HABILES\u00a0 A PARTIR DE LA CONFIRMACION DE LA COMPRA , SIN EMBARGO EL ENVIO PUEDE VARIAR DEPENDIENDO DE NUESTRA DEMORA EN EL PRECESAMIENTO Y LA DEMORA DEL CORREO CON EL QUE SE ENVIA.<\/p>\n<p>&nbsp;<\/p>\n<p>&nbsp;<\/p>\n<p>-RETIRO POR SUCURSAL<\/p>\n<p>EL PLAZO ES DE ENTREGA ES DE 3 A 7 DIAS HABILES A PARTIR DE LA CONFIRMACION DE LA COMPRA .<\/p>\n<p>PARA RETIRAR SU COMPRA X\u00a0 SUCURSAL , POR FAVOR\u00a0 COMUNIQUESE PREVIAMENTE CON NUESTRO EQUIPO PARA COORDINAR LA FECHA Y HORA DE RETIRO.<\/p>\n<p>NO SE REALIZARAN ENTREGAS SIN PREVIO AVISO .<\/p>\n<p>&nbsp;<\/p>\n<p>WHATSAPP\u00a0 1164954727<\/p>\n<p>&nbsp;<\/p>\n<p>MUCHAS GRACIAS X SU COMPRA<\/p>\n<p>&nbsp;<\/p>\n","protected":false},"excerpt":{"rendered":"<p>CAMIONETA TORTUGAS NINJA Tortugas Ninja Pizzafire Van Lanzador Pizza Mutante Original \u00a1Dise\u00f1ado con una funci\u00f3n de lanzamiento de pizza para que puedas hacer una explosi\u00f3n de pizza a tus oponentes! 1. Aprieta el bot\u00f3n en forma de pizza 2. Posiciona&#8230; <a class=\"di-continue-reading\" href=\"https:\/\/mimilandtiendafriki.com.ar\/?product=tortugas-ninja-van-lanza-pizza\"> Continue Reading&#8230;<\/a><\/p>\n","protected":false},"featured_media":8581,"comment_status":"open","ping_status":"closed","template":"","meta":[],"product_cat":[172,281],"product_tag":[171],"_links":{"self":[{"href":"https:\/\/mimilandtiendafriki.com.ar\/index.php?rest_route=\/wp\/v2\/product\/8588"}],"collection":[{"href":"https:\/\/mimilandtiendafriki.com.ar\/index.php?rest_route=\/wp\/v2\/product"}],"about":[{"href":"https:\/\/mimilandtiendafriki.com.ar\/index.php?rest_route=\/wp\/v2\/types\/product"}],"replies":[{"embeddable":true,"href":"https:\/\/mimilandtiendafriki.com.ar\/index.php?rest_route=%2Fwp%2Fv2%2Fcomments&post=8588"}],"version-history":[{"count":2,"href":"https:\/\/mimilandtiendafriki.com.ar\/index.php?rest_route=\/wp\/v2\/product\/8588\/revisions"}],"predecessor-version":[{"id":10758,"href":"https:\/\/mimilandtiendafriki.com.ar\/index.php?rest_route=\/wp\/v2\/product\/8588\/revisions\/10758"}],"wp:featuredmedia":[{"embeddable":true,"href":"https:\/\/mimilandtiendafriki.com.ar\/index.php?rest_route=\/wp\/v2\/media\/8581"}],"wp:attachment":[{"href":"https:\/\/mimilandtiendafriki.com.ar\/index.php?rest_route=%2Fwp%2Fv2%2Fmedia&parent=8588"}],"wp:term":[{"taxonomy":"product_cat","embeddable":true,"href":"https:\/\/mimilandtiendafriki.com.ar\/index.php?rest_route=%2Fwp%2Fv2%2Fproduct_cat&post=8588"},{"taxonomy":"product_tag","embeddable":true,"href":"https:\/\/mimilandtiendafriki.com.ar\/index.php?rest_route=%2Fwp%2Fv2%2Fproduct_tag&post=8588"}],"curies":[{"name":"wp","href":"https:\/\/api.w.org\/{rel}","templated":true}]}}