{"id":7926,"date":"2024-02-21T18:43:07","date_gmt":"2024-02-21T18:43:07","guid":{"rendered":"https:\/\/mimilandtiendafriki.com.ar\/?post_type=product&#038;p=7926"},"modified":"2026-01-30T17:15:37","modified_gmt":"2026-01-30T17:15:37","slug":"remera-pokemon-gengar","status":"publish","type":"product","link":"https:\/\/mimilandtiendafriki.com.ar\/?product=remera-pokemon-gengar","title":{"rendered":"REMERA POKEMON GENGAR"},"content":{"rendered":"<p>LA REME QUE BUSCABAS<\/p>\n<p>ALGODON SUAVE 24\/1 PEINADO<\/p>\n<p>ESTAMPA GRANDES Y DURADERAS EN SERIGRAFIA COLOR X COLOR<\/p>\n<p>&nbsp;<\/p>\n<p>IMPORTANTE!!!<\/p>\n<p>El tiempo en preparaci\u00f3n y despacho es de 3 a 7 d\u00edas h\u00e1biles. Tenga en cuenta que en la fecha estimada de entrega, no est\u00e1 contemplada nuestra demora. Y para retiro por nuestro local,\u00a0 debe comunicarse antes\u00a0 por WhatsApp para coordinar\u00a0 &#8230;.<\/p>\n<p>gracias por su compra<\/p>\n","protected":false},"excerpt":{"rendered":"<p>LA REME QUE BUSCABAS ALGODON SUAVE 24\/1 PEINADO ESTAMPA GRANDES Y DURADERAS EN SERIGRAFIA COLOR X COLOR &nbsp; IMPORTANTE!!! El tiempo en preparaci\u00f3n y despacho es de 3 a 7 d\u00edas h\u00e1biles. Tenga en cuenta que en la fecha estimada&#8230; <a class=\"di-continue-reading\" href=\"https:\/\/mimilandtiendafriki.com.ar\/?product=remera-pokemon-gengar\"> Continue Reading&#8230;<\/a><\/p>\n","protected":false},"featured_media":7843,"comment_status":"open","ping_status":"closed","template":"","meta":[],"product_cat":[79,136],"product_tag":[96],"_links":{"self":[{"href":"https:\/\/mimilandtiendafriki.com.ar\/index.php?rest_route=\/wp\/v2\/product\/7926"}],"collection":[{"href":"https:\/\/mimilandtiendafriki.com.ar\/index.php?rest_route=\/wp\/v2\/product"}],"about":[{"href":"https:\/\/mimilandtiendafriki.com.ar\/index.php?rest_route=\/wp\/v2\/types\/product"}],"replies":[{"embeddable":true,"href":"https:\/\/mimilandtiendafriki.com.ar\/index.php?rest_route=%2Fwp%2Fv2%2Fcomments&post=7926"}],"version-history":[{"count":3,"href":"https:\/\/mimilandtiendafriki.com.ar\/index.php?rest_route=\/wp\/v2\/product\/7926\/revisions"}],"predecessor-version":[{"id":10323,"href":"https:\/\/mimilandtiendafriki.com.ar\/index.php?rest_route=\/wp\/v2\/product\/7926\/revisions\/10323"}],"wp:featuredmedia":[{"embeddable":true,"href":"https:\/\/mimilandtiendafriki.com.ar\/index.php?rest_route=\/wp\/v2\/media\/7843"}],"wp:attachment":[{"href":"https:\/\/mimilandtiendafriki.com.ar\/index.php?rest_route=%2Fwp%2Fv2%2Fmedia&parent=7926"}],"wp:term":[{"taxonomy":"product_cat","embeddable":true,"href":"https:\/\/mimilandtiendafriki.com.ar\/index.php?rest_route=%2Fwp%2Fv2%2Fproduct_cat&post=7926"},{"taxonomy":"product_tag","embeddable":true,"href":"https:\/\/mimilandtiendafriki.com.ar\/index.php?rest_route=%2Fwp%2Fv2%2Fproduct_tag&post=7926"}],"curies":[{"name":"wp","href":"https:\/\/api.w.org\/{rel}","templated":true}]}}