{"id":7822,"date":"2023-11-22T03:21:12","date_gmt":"2023-11-22T03:21:12","guid":{"rendered":"https:\/\/mimilandtiendafriki.com.ar\/?post_type=product&#038;p=7822"},"modified":"2026-01-30T17:48:50","modified_gmt":"2026-01-30T17:48:50","slug":"termos-sanrio","status":"publish","type":"product","link":"https:\/\/mimilandtiendafriki.com.ar\/?product=termos-sanrio","title":{"rendered":"TERMOS SANRIO"},"content":{"rendered":"<p>&nbsp;<\/p>\n<p>Material: ACERO IN\u00d3XIDABLE SUS 316<br \/>\n&#8211; Con correa<br \/>\n&#8211; Sorbete de silicona<br \/>\n&#8211; Tapa a rosca antiderrame<br \/>\n&#8211; Libre de BPA<br \/>\n&#8211; Mantiene 24hs l\u00edquido fr\u00edos y 12hs l\u00edquidos calientes<br \/>\n&#8211; Medidas:<br \/>\n* Alto Total: 14,9 cm<br \/>\n* Ancho: 11,6 cm<br \/>\n* Di\u00e1metro Base: 10,7 cm<br \/>\n&#8211; Capacidad: 430 ml<br \/>\n&#8211; Colores: amarillo, blanco, violeta y rosa<\/p>\n<p>&nbsp;<\/p>\n<p>&nbsp;<\/p>\n<p>\/Los precios de \u00e9ste sitio web son exclusivos para compras online, y no necesariamente coinciden con los precios en el local.\/\/\/<\/p>\n<p>&nbsp;<\/p>\n<p>&nbsp;<\/p>\n<p>IMPORTANTE !!<\/p>\n<p>ENVIO X CORREO<\/p>\n<p>EL PLAZO DE ENTREGA ESTIMADO ES DE 7 A 10 DIAS HABILES\u00a0 A PARTIR DE LA CONFIRMACION DE LA COMPRA , SIN EMBARGO EL ENVIO PUEDE VARIAR DEPENDIENDO DE NUESTRA DEMORA EN EL PRECESAMIENTO Y LA DEMORA DEL CORREO CON EL QUE SE ENVIA.<\/p>\n<p>&nbsp;<\/p>\n<p>&nbsp;<\/p>\n<p>-RETIRO POR SUCURSAL<\/p>\n<p>EL PLAZO ES DE ENTREGA ES DE 3 A 7 DIAS HABILES A PARTIR DE LA CONFIRMACION DE LA COMPRA .<\/p>\n<p>PARA RETIRAR SU COMPRA X\u00a0 SUCURSAL , POR FAVOR\u00a0 COMUNIQUESE PREVIAMENTE CON NUESTRO EQUIPO PARA COORDINAR LA FECHA Y HORA DE RETIRO.<\/p>\n<p>NO SE REALIZARAN ENTREGAS SIN PREVIO AVISO .<\/p>\n<p>&nbsp;<\/p>\n<p>WHATSAPP\u00a0 1164954727<\/p>\n<p>&nbsp;<\/p>\n<p>MUCHAS GRACIAS X SU COMPRA<\/p>\n<p>&nbsp;<\/p>\n","protected":false},"excerpt":{"rendered":"<p>&nbsp; Material: ACERO IN\u00d3XIDABLE SUS 316 &#8211; Con correa &#8211; Sorbete de silicona &#8211; Tapa a rosca antiderrame &#8211; Libre de BPA &#8211; Mantiene 24hs l\u00edquido fr\u00edos y 12hs l\u00edquidos calientes &#8211; Medidas: * Alto Total: 14,9 cm * Ancho:&#8230; <a class=\"di-continue-reading\" href=\"https:\/\/mimilandtiendafriki.com.ar\/?product=termos-sanrio\"> Continue Reading&#8230;<\/a><\/p>\n","protected":false},"featured_media":7808,"comment_status":"open","ping_status":"closed","template":"","meta":[],"product_cat":[212,237],"product_tag":[210],"_links":{"self":[{"href":"https:\/\/mimilandtiendafriki.com.ar\/index.php?rest_route=\/wp\/v2\/product\/7822"}],"collection":[{"href":"https:\/\/mimilandtiendafriki.com.ar\/index.php?rest_route=\/wp\/v2\/product"}],"about":[{"href":"https:\/\/mimilandtiendafriki.com.ar\/index.php?rest_route=\/wp\/v2\/types\/product"}],"replies":[{"embeddable":true,"href":"https:\/\/mimilandtiendafriki.com.ar\/index.php?rest_route=%2Fwp%2Fv2%2Fcomments&post=7822"}],"version-history":[{"count":3,"href":"https:\/\/mimilandtiendafriki.com.ar\/index.php?rest_route=\/wp\/v2\/product\/7822\/revisions"}],"predecessor-version":[{"id":10825,"href":"https:\/\/mimilandtiendafriki.com.ar\/index.php?rest_route=\/wp\/v2\/product\/7822\/revisions\/10825"}],"wp:featuredmedia":[{"embeddable":true,"href":"https:\/\/mimilandtiendafriki.com.ar\/index.php?rest_route=\/wp\/v2\/media\/7808"}],"wp:attachment":[{"href":"https:\/\/mimilandtiendafriki.com.ar\/index.php?rest_route=%2Fwp%2Fv2%2Fmedia&parent=7822"}],"wp:term":[{"taxonomy":"product_cat","embeddable":true,"href":"https:\/\/mimilandtiendafriki.com.ar\/index.php?rest_route=%2Fwp%2Fv2%2Fproduct_cat&post=7822"},{"taxonomy":"product_tag","embeddable":true,"href":"https:\/\/mimilandtiendafriki.com.ar\/index.php?rest_route=%2Fwp%2Fv2%2Fproduct_tag&post=7822"}],"curies":[{"name":"wp","href":"https:\/\/api.w.org\/{rel}","templated":true}]}}