{"id":7692,"date":"2023-09-06T21:08:26","date_gmt":"2023-09-06T21:08:26","guid":{"rendered":"https:\/\/mimilandtiendafriki.com.ar\/?post_type=product&#038;p=7692"},"modified":"2026-01-30T18:03:23","modified_gmt":"2026-01-30T18:03:23","slug":"remera-mario-bros","status":"publish","type":"product","link":"https:\/\/mimilandtiendafriki.com.ar\/?product=remera-mario-bros","title":{"rendered":"REMERA MARIO BROS"},"content":{"rendered":"<p>REMERA SUPER MARIO<\/p>\n<p>COLOR NEGRO<\/p>\n<p>ALGODON PEINADO<\/p>\n<p>IMPORTANTE!!!<\/p>\n<p>El tiempo en preparaci\u00f3n y despacho es de 3 a 7 d\u00edas h\u00e1biles. Tenga en cuenta que en la fecha estimada de entrega, no est\u00e1 contemplada nuestra demora. Y para retiro por nuestro local,\u00a0 debe comunicarse antes\u00a0 por WhatsApp para coordinar\u00a0 &#8230;.<\/p>\n<p>gracias por su compra<\/p>\n<p>&nbsp;<\/p>\n<p>&nbsp;<\/p>\n","protected":false},"excerpt":{"rendered":"<p>REMERA SUPER MARIO COLOR NEGRO ALGODON PEINADO IMPORTANTE!!! El tiempo en preparaci\u00f3n y despacho es de 3 a 7 d\u00edas h\u00e1biles. Tenga en cuenta que en la fecha estimada de entrega, no est\u00e1 contemplada nuestra demora. Y para retiro por&#8230; <a class=\"di-continue-reading\" href=\"https:\/\/mimilandtiendafriki.com.ar\/?product=remera-mario-bros\"> Continue Reading&#8230;<\/a><\/p>\n","protected":false},"featured_media":7624,"comment_status":"open","ping_status":"closed","template":"","meta":[],"product_cat":[79,136],"product_tag":[100],"_links":{"self":[{"href":"https:\/\/mimilandtiendafriki.com.ar\/index.php?rest_route=\/wp\/v2\/product\/7692"}],"collection":[{"href":"https:\/\/mimilandtiendafriki.com.ar\/index.php?rest_route=\/wp\/v2\/product"}],"about":[{"href":"https:\/\/mimilandtiendafriki.com.ar\/index.php?rest_route=\/wp\/v2\/types\/product"}],"replies":[{"embeddable":true,"href":"https:\/\/mimilandtiendafriki.com.ar\/index.php?rest_route=%2Fwp%2Fv2%2Fcomments&post=7692"}],"version-history":[{"count":3,"href":"https:\/\/mimilandtiendafriki.com.ar\/index.php?rest_route=\/wp\/v2\/product\/7692\/revisions"}],"predecessor-version":[{"id":10332,"href":"https:\/\/mimilandtiendafriki.com.ar\/index.php?rest_route=\/wp\/v2\/product\/7692\/revisions\/10332"}],"wp:featuredmedia":[{"embeddable":true,"href":"https:\/\/mimilandtiendafriki.com.ar\/index.php?rest_route=\/wp\/v2\/media\/7624"}],"wp:attachment":[{"href":"https:\/\/mimilandtiendafriki.com.ar\/index.php?rest_route=%2Fwp%2Fv2%2Fmedia&parent=7692"}],"wp:term":[{"taxonomy":"product_cat","embeddable":true,"href":"https:\/\/mimilandtiendafriki.com.ar\/index.php?rest_route=%2Fwp%2Fv2%2Fproduct_cat&post=7692"},{"taxonomy":"product_tag","embeddable":true,"href":"https:\/\/mimilandtiendafriki.com.ar\/index.php?rest_route=%2Fwp%2Fv2%2Fproduct_tag&post=7692"}],"curies":[{"name":"wp","href":"https:\/\/api.w.org\/{rel}","templated":true}]}}