{"id":7311,"date":"2023-03-30T16:52:12","date_gmt":"2023-03-30T16:52:12","guid":{"rendered":"https:\/\/mimilandtiendafriki.com.ar\/?post_type=product&#038;p=7311"},"modified":"2026-02-02T16:01:50","modified_gmt":"2026-02-02T16:01:50","slug":"harry-potter-cartera","status":"publish","type":"product","link":"https:\/\/mimilandtiendafriki.com.ar\/?product=harry-potter-cartera","title":{"rendered":"CARTERA CARTERA HARRY POTTER"},"content":{"rendered":"<p>HERMOSA CARTERA<\/p>\n<p>HARRY POTTER<\/p>\n<p>HOGWARTS<\/p>\n<p>Bolso de hombro Y mano<br \/>\nCaracter\u00edsticas: Dise\u00f1o estilo Harry Potter.<br \/>\nMaterial: cuero artificial<br \/>\nOpciones de color: marr\u00f3n<br \/>\nTama\u00f1o: 21 * 15 * 7 CM<\/p>\n<p>&nbsp;<\/p>\n<p>\/Los precios de \u00e9ste sitio web son exclusivos para compras online, y no necesariamente coinciden con los precios en el local.\/\/\/<\/p>\n<p>&nbsp;<\/p>\n<p>&nbsp;<\/p>\n<p>IMPORTANTE !!<\/p>\n<p>ENVIO X CORREO<\/p>\n<p>EL PLAZO DE ENTREGA ESTIMADO ES DE 7 A 10 DIAS HABILES\u00a0 A PARTIR DE LA CONFIRMACION DE LA COMPRA , SIN EMBARGO EL ENVIO PUEDE VARIAR DEPENDIENDO DE NUESTRA DEMORA EN EL PRECESAMIENTO Y LA DEMORA DEL CORREO CON EL QUE SE ENVIA.<\/p>\n<p>&nbsp;<\/p>\n<p>&nbsp;<\/p>\n<p>-RETIRO POR SUCURSAL<\/p>\n<p>EL PLAZO ES DE ENTREGA ES DE 3 A 7 DIAS HABILES A PARTIR DE LA CONFIRMACION DE LA COMPRA .<\/p>\n<p>PARA RETIRAR SU COMPRA X\u00a0 SUCURSAL , POR FAVOR\u00a0 COMUNIQUESE PREVIAMENTE CON NUESTRO EQUIPO PARA COORDINAR LA FECHA Y HORA DE RETIRO.<\/p>\n<p>NO SE REALIZARAN ENTREGAS SIN PREVIO AVISO .<\/p>\n<p>&nbsp;<\/p>\n<p>WHATSAPP\u00a0 1164954727<\/p>\n<p>&nbsp;<\/p>\n<p>MUCHAS GRACIAS X SU COMPRA<\/p>\n<p>&nbsp;<\/p>\n","protected":false},"excerpt":{"rendered":"<p>HERMOSA CARTERA HARRY POTTER HOGWARTS Bolso de hombro Y mano Caracter\u00edsticas: Dise\u00f1o estilo Harry Potter. Material: cuero artificial Opciones de color: marr\u00f3n Tama\u00f1o: 21 * 15 * 7 CM &nbsp; \/Los precios de \u00e9ste sitio web son exclusivos para compras&#8230; <a class=\"di-continue-reading\" href=\"https:\/\/mimilandtiendafriki.com.ar\/?product=harry-potter-cartera\"> Continue Reading&#8230;<\/a><\/p>\n","protected":false},"featured_media":7314,"comment_status":"open","ping_status":"closed","template":"","meta":[],"product_cat":[277,279],"product_tag":[33],"_links":{"self":[{"href":"https:\/\/mimilandtiendafriki.com.ar\/index.php?rest_route=\/wp\/v2\/product\/7311"}],"collection":[{"href":"https:\/\/mimilandtiendafriki.com.ar\/index.php?rest_route=\/wp\/v2\/product"}],"about":[{"href":"https:\/\/mimilandtiendafriki.com.ar\/index.php?rest_route=\/wp\/v2\/types\/product"}],"replies":[{"embeddable":true,"href":"https:\/\/mimilandtiendafriki.com.ar\/index.php?rest_route=%2Fwp%2Fv2%2Fcomments&post=7311"}],"version-history":[{"count":5,"href":"https:\/\/mimilandtiendafriki.com.ar\/index.php?rest_route=\/wp\/v2\/product\/7311\/revisions"}],"predecessor-version":[{"id":11116,"href":"https:\/\/mimilandtiendafriki.com.ar\/index.php?rest_route=\/wp\/v2\/product\/7311\/revisions\/11116"}],"wp:featuredmedia":[{"embeddable":true,"href":"https:\/\/mimilandtiendafriki.com.ar\/index.php?rest_route=\/wp\/v2\/media\/7314"}],"wp:attachment":[{"href":"https:\/\/mimilandtiendafriki.com.ar\/index.php?rest_route=%2Fwp%2Fv2%2Fmedia&parent=7311"}],"wp:term":[{"taxonomy":"product_cat","embeddable":true,"href":"https:\/\/mimilandtiendafriki.com.ar\/index.php?rest_route=%2Fwp%2Fv2%2Fproduct_cat&post=7311"},{"taxonomy":"product_tag","embeddable":true,"href":"https:\/\/mimilandtiendafriki.com.ar\/index.php?rest_route=%2Fwp%2Fv2%2Fproduct_tag&post=7311"}],"curies":[{"name":"wp","href":"https:\/\/api.w.org\/{rel}","templated":true}]}}