{"id":4781,"date":"2020-10-23T00:56:30","date_gmt":"2020-10-23T00:56:30","guid":{"rendered":"http:\/\/mimilandtiendafriki.com.ar\/?post_type=product&#038;p=4781"},"modified":"2026-01-30T20:52:44","modified_gmt":"2026-01-30T20:52:44","slug":"tunica-harry-potter-ravenclaw","status":"publish","type":"product","link":"https:\/\/mimilandtiendafriki.com.ar\/?product=tunica-harry-potter-ravenclaw","title":{"rendered":"TUNICA HARRY POTTER RAVENCLAW"},"content":{"rendered":"<p>&nbsp;<\/p>\n<div class=\"ui-pdp-container__col col-1 ui-vip-core-container--content-left\">\n<div class=\"ui-pdp-container__row ui-pdp-container__row--technical-specifications\">\n<div class=\"ui-pdp-specs\">\n<div class=\"ui-pdp-list ui-pdp-specs__list\">\n<ul class=\"ui-pdp-list__wrapper\">\n<li class=\"ui-pdp-list__item\">\n<p class=\"ui-pdp-list__text\"><span class=\"ui-pdp-color--BLACK ui-pdp-size--XSMALL ui-pdp-family--BOLD\">G\u00e9nero<\/span>: Sin g\u00e9nero<\/p>\n<\/li>\n<li class=\"ui-pdp-list__item\">\n<p class=\"ui-pdp-list__text\"><span class=\"ui-pdp-color--BLACK ui-pdp-size--XSMALL ui-pdp-family--BOLD\">Material principal<\/span>: Microfibra<\/p>\n<\/li>\n<li>PRODUCTO ORIGINAL<\/li>\n<\/ul>\n<\/div>\n<\/div>\n<\/div>\n<div class=\"ui-pdp-container__row ui-pdp-container__row--description\">\n<div class=\"ui-pdp-description\">\n<p class=\"ui-pdp-description__content\">T\u00fanica RAVENCLAW\u2013 HARRY POTTER<\/p>\n<p>Tiene capucha y bolsillo interno para varita<\/p>\n<p>PRODUCTO DE LICENCIA OFICIAL\u00a0 HARRY POTTER<\/p>\n<\/div>\n<\/div>\n<\/div>\n<p>&nbsp;<\/p>\n<p>\/Los precios de \u00e9ste sitio web son exclusivos para compras online, y no necesariamente coinciden con los precios en el local.\/\/\/<\/p>\n<p>&nbsp;<\/p>\n<p>&nbsp;<\/p>\n<p>IMPORTANTE !!<\/p>\n<p>ENVIO X CORREO<\/p>\n<p>EL PLAZO DE ENTREGA ESTIMADO ES DE 7 A 10 DIAS HABILES\u00a0 A PARTIR DE LA CONFIRMACION DE LA COMPRA , SIN EMBARGO EL ENVIO PUEDE VARIAR DEPENDIENDO DE NUESTRA DEMORA EN EL PRECESAMIENTO Y LA DEMORA DEL CORREO CON EL QUE SE ENVIA.<\/p>\n<p>&nbsp;<\/p>\n<p>&nbsp;<\/p>\n<p>-RETIRO POR SUCURSAL<\/p>\n<p>EL PLAZO ES DE ENTREGA ES DE 3 A 7 DIAS HABILES A PARTIR DE LA CONFIRMACION DE LA COMPRA .<\/p>\n<p>PARA RETIRAR SU COMPRA X\u00a0 SUCURSAL , POR FAVOR\u00a0 COMUNIQUESE PREVIAMENTE CON NUESTRO EQUIPO PARA COORDINAR LA FECHA Y HORA DE RETIRO.<\/p>\n<p>NO SE REALIZARAN ENTREGAS SIN PREVIO AVISO .<\/p>\n<p>&nbsp;<\/p>\n<p>WHATSAPP\u00a0 1164954727<\/p>\n<p>&nbsp;<\/p>\n<p>MUCHAS GRACIAS X SU COMPRA<\/p>\n<div class=\"ui-pdp-container__col col-1 ui-vip-core-container--content-left\">\n<div class=\"ui-pdp-container__row ui-pdp-container__row--description\">\n<div class=\"ui-pdp-description\">\n<p>&nbsp;<\/p>\n<\/div>\n<\/div>\n<\/div>\n","protected":false},"excerpt":{"rendered":"<p>&nbsp; G\u00e9nero: Sin g\u00e9nero Material principal: Microfibra PRODUCTO ORIGINAL T\u00fanica RAVENCLAW\u2013 HARRY POTTER Tiene capucha y bolsillo interno para varita PRODUCTO DE LICENCIA OFICIAL\u00a0 HARRY POTTER &nbsp; \/Los precios de \u00e9ste sitio web son exclusivos para compras online, y no&#8230; <a class=\"di-continue-reading\" href=\"https:\/\/mimilandtiendafriki.com.ar\/?product=tunica-harry-potter-ravenclaw\"> Continue Reading&#8230;<\/a><\/p>\n","protected":false},"featured_media":4775,"comment_status":"open","ping_status":"closed","template":"","meta":[],"product_cat":[186,279],"product_tag":[33],"_links":{"self":[{"href":"https:\/\/mimilandtiendafriki.com.ar\/index.php?rest_route=\/wp\/v2\/product\/4781"}],"collection":[{"href":"https:\/\/mimilandtiendafriki.com.ar\/index.php?rest_route=\/wp\/v2\/product"}],"about":[{"href":"https:\/\/mimilandtiendafriki.com.ar\/index.php?rest_route=\/wp\/v2\/types\/product"}],"replies":[{"embeddable":true,"href":"https:\/\/mimilandtiendafriki.com.ar\/index.php?rest_route=%2Fwp%2Fv2%2Fcomments&post=4781"}],"version-history":[{"count":4,"href":"https:\/\/mimilandtiendafriki.com.ar\/index.php?rest_route=\/wp\/v2\/product\/4781\/revisions"}],"predecessor-version":[{"id":10936,"href":"https:\/\/mimilandtiendafriki.com.ar\/index.php?rest_route=\/wp\/v2\/product\/4781\/revisions\/10936"}],"wp:featuredmedia":[{"embeddable":true,"href":"https:\/\/mimilandtiendafriki.com.ar\/index.php?rest_route=\/wp\/v2\/media\/4775"}],"wp:attachment":[{"href":"https:\/\/mimilandtiendafriki.com.ar\/index.php?rest_route=%2Fwp%2Fv2%2Fmedia&parent=4781"}],"wp:term":[{"taxonomy":"product_cat","embeddable":true,"href":"https:\/\/mimilandtiendafriki.com.ar\/index.php?rest_route=%2Fwp%2Fv2%2Fproduct_cat&post=4781"},{"taxonomy":"product_tag","embeddable":true,"href":"https:\/\/mimilandtiendafriki.com.ar\/index.php?rest_route=%2Fwp%2Fv2%2Fproduct_tag&post=4781"}],"curies":[{"name":"wp","href":"https:\/\/api.w.org\/{rel}","templated":true}]}}