{"id":4649,"date":"2020-10-03T02:20:28","date_gmt":"2020-10-03T02:20:28","guid":{"rendered":"http:\/\/mimilandtiendafriki.com.ar\/?post_type=product&#038;p=4649"},"modified":"2026-01-30T21:27:23","modified_gmt":"2026-01-30T21:27:23","slug":"consola-portatil-retro-game-400-juegos-en-1","status":"publish","type":"product","link":"https:\/\/mimilandtiendafriki.com.ar\/?product=consola-portatil-retro-game-400-juegos-en-1","title":{"rendered":"CONSOLA PORTATIL RETRO GAME  400 JUEGOS EN 1"},"content":{"rendered":"<p>CONSOLA PORTATIL RETRO GAME<\/p>\n<ul class=\"ui-pdp-list__wrapper\">\n<li class=\"ui-pdp-list__item\">\n<p class=\"ui-pdp-list__text\"><span class=\"ui-pdp-color--BLACK ui-pdp-size--XSMALL ui-pdp-family--BOLD\">Tipo de consola<\/span>: Port\u00e1til<\/p>\n<\/li>\n<\/ul>\n<ul class=\"ui-pdp-list__wrapper\">\n<li class=\"ui-pdp-list__item\">\n<p class=\"ui-pdp-list__text\"><span class=\"ui-pdp-color--BLACK ui-pdp-size--XSMALL ui-pdp-family--BOLD\">Incluye controles<\/span>: No<\/p>\n<\/li>\n<li class=\"ui-pdp-list__item\"><span class=\"ui-pdp-color--BLACK ui-pdp-size--XSMALL ui-pdp-family--BOLD\">Duraci\u00f3n de la bater\u00eda<\/span>: 3 h APROXIMADAMENTE<\/li>\n<\/ul>\n<ul class=\"ui-pdp-list__wrapper\">\n<li class=\"ui-pdp-list__item\"><span class=\"ui-pdp-color--BLACK ui-pdp-size--XSMALL ui-pdp-family--BOLD\">Tama\u00f1o de la pantalla<\/span>: 3 &#8220;<\/li>\n<\/ul>\n<ul class=\"ui-pdp-list__wrapper\">\n<li class=\"ui-pdp-list__item\">\n<p class=\"ui-pdp-list__text\"><span class=\"ui-pdp-color--BLACK ui-pdp-size--XSMALL ui-pdp-family--BOLD\">Formatos de juegos<\/span>: Digital<\/p>\n<\/li>\n<\/ul>\n<ul class=\"ui-pdp-list__wrapper\">\n<li class=\"ui-pdp-list__item\">\n<p class=\"ui-pdp-list__text\"><span class=\"ui-pdp-color--BLACK ui-pdp-size--XSMALL ui-pdp-family--BOLD\">Con USB<\/span>: S\u00ed<\/p>\n<\/li>\n<li class=\"ui-pdp-list__item\">\n<p class=\"ui-pdp-list__text\"><span class=\"ui-pdp-color--BLACK ui-pdp-size--XSMALL ui-pdp-family--BOLD\">Accesorios incluidos<\/span>: 1 x cable AV,1 x cable USB,1 x manual<\/p>\n<\/li>\n<\/ul>\n<ul class=\"ui-pdp-list__wrapper\">\n<li class=\"ui-pdp-list__item\">\n<p class=\"ui-pdp-list__text\"><span class=\"ui-pdp-color--BLACK ui-pdp-size--XSMALL ui-pdp-family--BOLD\">Incluye juegos<\/span>: S\u00ed<\/p>\n<\/li>\n<li class=\"ui-pdp-list__item\">\n<p class=\"ui-pdp-list__text\"><span class=\"ui-pdp-color--BLACK ui-pdp-size--XSMALL ui-pdp-family--BOLD\">Cantidad de juegos incluidos<\/span>: 400<\/p>\n<\/li>\n<li>color: amarillo<\/li>\n<\/ul>\n<p>&nbsp;<\/p>\n<p>\/Los precios de \u00e9ste sitio web son exclusivos para compras online, y no necesariamente coinciden con los precios en el local.\/\/\/<\/p>\n<p>&nbsp;<\/p>\n<p>&nbsp;<\/p>\n<p>IMPORTANTE !!<\/p>\n<p>ENVIO X CORREO<\/p>\n<p>EL PLAZO DE ENTREGA ESTIMADO ES DE 7 A 10 DIAS HABILES\u00a0 A PARTIR DE LA CONFIRMACION DE LA COMPRA , SIN EMBARGO EL ENVIO PUEDE VARIAR DEPENDIENDO DE NUESTRA DEMORA EN EL PRECESAMIENTO Y LA DEMORA DEL CORREO CON EL QUE SE ENVIA.<\/p>\n<p>&nbsp;<\/p>\n<p>&nbsp;<\/p>\n<p>-RETIRO POR SUCURSAL<\/p>\n<p>EL PLAZO ES DE ENTREGA ES DE 3 A 7 DIAS HABILES A PARTIR DE LA CONFIRMACION DE LA COMPRA .<\/p>\n<p>PARA RETIRAR SU COMPRA X\u00a0 SUCURSAL , POR FAVOR\u00a0 COMUNIQUESE PREVIAMENTE CON NUESTRO EQUIPO PARA COORDINAR LA FECHA Y HORA DE RETIRO.<\/p>\n<p>NO SE REALIZARAN ENTREGAS SIN PREVIO AVISO .<\/p>\n<p>&nbsp;<\/p>\n<p>WHATSAPP\u00a0 1164954727<\/p>\n<p>&nbsp;<\/p>\n<p>MUCHAS GRACIAS X SU COMPRA<\/p>\n<p>&nbsp;<\/p>\n<p>&nbsp;<\/p>\n<p>&nbsp;<\/p>\n<p>&nbsp;<\/p>\n<p>&nbsp;<\/p>\n","protected":false},"excerpt":{"rendered":"<p>CONSOLA PORTATIL RETRO GAME Tipo de consola: Port\u00e1til Incluye controles: No Duraci\u00f3n de la bater\u00eda: 3 h APROXIMADAMENTE Tama\u00f1o de la pantalla: 3 &#8220; Formatos de juegos: Digital Con USB: S\u00ed Accesorios incluidos: 1 x cable AV,1 x cable USB,1&#8230; <a class=\"di-continue-reading\" href=\"https:\/\/mimilandtiendafriki.com.ar\/?product=consola-portatil-retro-game-400-juegos-en-1\"> Continue Reading&#8230;<\/a><\/p>\n","protected":false},"featured_media":4650,"comment_status":"open","ping_status":"closed","template":"","meta":[],"product_cat":[280],"product_tag":[],"_links":{"self":[{"href":"https:\/\/mimilandtiendafriki.com.ar\/index.php?rest_route=\/wp\/v2\/product\/4649"}],"collection":[{"href":"https:\/\/mimilandtiendafriki.com.ar\/index.php?rest_route=\/wp\/v2\/product"}],"about":[{"href":"https:\/\/mimilandtiendafriki.com.ar\/index.php?rest_route=\/wp\/v2\/types\/product"}],"replies":[{"embeddable":true,"href":"https:\/\/mimilandtiendafriki.com.ar\/index.php?rest_route=%2Fwp%2Fv2%2Fcomments&post=4649"}],"version-history":[{"count":3,"href":"https:\/\/mimilandtiendafriki.com.ar\/index.php?rest_route=\/wp\/v2\/product\/4649\/revisions"}],"predecessor-version":[{"id":10944,"href":"https:\/\/mimilandtiendafriki.com.ar\/index.php?rest_route=\/wp\/v2\/product\/4649\/revisions\/10944"}],"wp:featuredmedia":[{"embeddable":true,"href":"https:\/\/mimilandtiendafriki.com.ar\/index.php?rest_route=\/wp\/v2\/media\/4650"}],"wp:attachment":[{"href":"https:\/\/mimilandtiendafriki.com.ar\/index.php?rest_route=%2Fwp%2Fv2%2Fmedia&parent=4649"}],"wp:term":[{"taxonomy":"product_cat","embeddable":true,"href":"https:\/\/mimilandtiendafriki.com.ar\/index.php?rest_route=%2Fwp%2Fv2%2Fproduct_cat&post=4649"},{"taxonomy":"product_tag","embeddable":true,"href":"https:\/\/mimilandtiendafriki.com.ar\/index.php?rest_route=%2Fwp%2Fv2%2Fproduct_tag&post=4649"}],"curies":[{"name":"wp","href":"https:\/\/api.w.org\/{rel}","templated":true}]}}