{"id":10233,"date":"2025-07-30T19:05:31","date_gmt":"2025-07-30T19:05:31","guid":{"rendered":"https:\/\/mimilandtiendafriki.com.ar\/?post_type=product&#038;p=10233"},"modified":"2026-01-21T16:51:19","modified_gmt":"2026-01-21T16:51:19","slug":"remera-dragon-ball-z-2","status":"publish","type":"product","link":"https:\/\/mimilandtiendafriki.com.ar\/?product=remera-dragon-ball-z-2","title":{"rendered":"REMERA DRAGON BALL Z"},"content":{"rendered":"<p>REMERA<\/p>\n<p>DRAGON BALL Z<\/p>\n<p>&nbsp;<\/p>\n<p>&nbsp;<\/p>\n<p>&nbsp;<\/p>\n<p>IMPORTANTE!<\/p>\n<p>ENVIO X CORREO ARGENTINO<\/p>\n<p>El tiempo en preparaci\u00f3n y despacho es de 3 a 7 d\u00edas h\u00e1biles. Tenga en cuenta que en la fecha estimada de entrega, no est\u00e1 contemplada nuestra demora.<\/p>\n<p>&nbsp;<\/p>\n<p>ENVIO RAPIDO<\/p>\n<p>COMUNIQUESE\u00a0 AL WHATSAPP Y COORDINAMOS<\/p>\n<p>&nbsp;<\/p>\n<p>RETIRO X SUCURSAL<\/p>\n<p>Y para retiro por nuestro local,\u00a0 debe comunicarse antes\u00a0 por WhatsApp para coordinar\u00a0 &#8230;.<\/p>\n<p>gracias por su compra!!!<\/p>\n<p>MIMI LAND<\/p>\n<table cellpadding=\"5px\">\n<thead>\n<tr>\n<th>TALLE<\/th>\n<th>ANCHO<\/th>\n<th>LARGO TOTAL<\/th>\n<th>MANGAS<\/th>\n<\/tr>\n<\/thead>\n<tbody>\n<tr>\n<td>XS<\/td>\n<td>47 cm<\/td>\n<td>65 cm<\/td>\n<td>22 cm<\/td>\n<\/tr>\n<tr>\n<td>S<\/td>\n<td>49 cm<\/td>\n<td>68 cm<\/td>\n<td>22 cm<\/td>\n<\/tr>\n<tr>\n<td>M<\/td>\n<td>50 cm<\/td>\n<td>69 cm<\/td>\n<td>23 cm<\/td>\n<\/tr>\n<tr>\n<td>L<\/td>\n<td>52 cm<\/td>\n<td>73 cm<\/td>\n<td>23 cm<\/td>\n<\/tr>\n<tr>\n<td>XL<\/td>\n<td>55 cm<\/td>\n<td>77 cm<\/td>\n<td>24 cm<\/td>\n<\/tr>\n<tr>\n<td>XXL<\/td>\n<td>57 cm<\/td>\n<td>78 cm<\/td>\n<td>24 cm<\/td>\n<\/tr>\n<tr>\n<td>XXXL<\/td>\n<td>61 cm<\/td>\n<td>81 cm<\/td>\n<td>24 cm<\/td>\n<\/tr>\n<\/tbody>\n<\/table>\n<p>&nbsp;<\/p>\n","protected":false},"excerpt":{"rendered":"<p>REMERA DRAGON BALL Z &nbsp; &nbsp; &nbsp; IMPORTANTE! ENVIO X CORREO ARGENTINO El tiempo en preparaci\u00f3n y despacho es de 3 a 7 d\u00edas h\u00e1biles. Tenga en cuenta que en la fecha estimada de entrega, no est\u00e1 contemplada nuestra demora.&#8230; <a class=\"di-continue-reading\" href=\"https:\/\/mimilandtiendafriki.com.ar\/?product=remera-dragon-ball-z-2\"> Continue Reading&#8230;<\/a><\/p>\n","protected":false},"featured_media":10220,"comment_status":"open","ping_status":"closed","template":"","meta":[],"product_cat":[79,136],"product_tag":[],"_links":{"self":[{"href":"https:\/\/mimilandtiendafriki.com.ar\/index.php?rest_route=\/wp\/v2\/product\/10233"}],"collection":[{"href":"https:\/\/mimilandtiendafriki.com.ar\/index.php?rest_route=\/wp\/v2\/product"}],"about":[{"href":"https:\/\/mimilandtiendafriki.com.ar\/index.php?rest_route=\/wp\/v2\/types\/product"}],"replies":[{"embeddable":true,"href":"https:\/\/mimilandtiendafriki.com.ar\/index.php?rest_route=%2Fwp%2Fv2%2Fcomments&post=10233"}],"version-history":[{"count":2,"href":"https:\/\/mimilandtiendafriki.com.ar\/index.php?rest_route=\/wp\/v2\/product\/10233\/revisions"}],"predecessor-version":[{"id":10463,"href":"https:\/\/mimilandtiendafriki.com.ar\/index.php?rest_route=\/wp\/v2\/product\/10233\/revisions\/10463"}],"wp:featuredmedia":[{"embeddable":true,"href":"https:\/\/mimilandtiendafriki.com.ar\/index.php?rest_route=\/wp\/v2\/media\/10220"}],"wp:attachment":[{"href":"https:\/\/mimilandtiendafriki.com.ar\/index.php?rest_route=%2Fwp%2Fv2%2Fmedia&parent=10233"}],"wp:term":[{"taxonomy":"product_cat","embeddable":true,"href":"https:\/\/mimilandtiendafriki.com.ar\/index.php?rest_route=%2Fwp%2Fv2%2Fproduct_cat&post=10233"},{"taxonomy":"product_tag","embeddable":true,"href":"https:\/\/mimilandtiendafriki.com.ar\/index.php?rest_route=%2Fwp%2Fv2%2Fproduct_tag&post=10233"}],"curies":[{"name":"wp","href":"https:\/\/api.w.org\/{rel}","templated":true}]}}